{"id":1516,"date":"2023-05-01T16:05:33","date_gmt":"2023-05-01T16:05:33","guid":{"rendered":"https:\/\/urnothemes.com\/solum\/?page_id=1516"},"modified":"2025-02-06T12:16:33","modified_gmt":"2025-02-06T12:16:33","slug":"services","status":"publish","type":"page","link":"https:\/\/turenergys.com\/?page_id=1516","title":{"rendered":"Services"},"content":{"rendered":"\t\t<div data-elementor-type=\"wp-page\" data-elementor-id=\"1516\" class=\"elementor elementor-1516\">\n\t\t\t\t\t\t<section class=\"elementor-section elementor-top-section elementor-element elementor-element-f26988d elementor-hidden-desktop elementor-hidden-tablet elementor-hidden-mobile elementor-section-boxed elementor-section-height-default elementor-section-height-default\" data-id=\"f26988d\" data-element_type=\"section\" data-e-type=\"section\">\n\t\t\t\t\t\t<div class=\"elementor-container elementor-column-gap-default\">\n\t\t\t\t\t<div class=\"elementor-column elementor-col-100 elementor-top-column elementor-element elementor-element-4247598\" data-id=\"4247598\" data-element_type=\"column\" data-e-type=\"column\">\n\t\t\t<div class=\"elementor-widget-wrap elementor-element-populated\">\n\t\t\t\t\t\t<section class=\"elementor-section elementor-inner-section elementor-element elementor-element-5ac1f12 elementor-hidden-desktop elementor-hidden-tablet elementor-hidden-mobile elementor-section-boxed elementor-section-height-default elementor-section-height-default\" data-id=\"5ac1f12\" data-element_type=\"section\" data-e-type=\"section\">\n\t\t\t\t\t\t<div class=\"elementor-container elementor-column-gap-default\">\n\t\t\t\t\t<div class=\"elementor-column elementor-col-100 elementor-inner-column elementor-element elementor-element-60fb2e7\" data-id=\"60fb2e7\" data-element_type=\"column\" data-e-type=\"column\">\n\t\t\t<div class=\"elementor-widget-wrap elementor-element-populated\">\n\t\t\t\t\t\t<div class=\"elementor-element elementor-element-39262e2 elementor-widget elementor-widget-sectiontitle\" data-id=\"39262e2\" data-element_type=\"widget\" data-e-type=\"widget\" data-widget_type=\"sectiontitle.default\">\n\t\t\t\t<div class=\"elementor-widget-container\">\n\t\t\t\t\t\r\n\t\t\r\n\t\t\t<div class=\"section-title style1 center\">\r\n\t\t\t\t\t\t\t\t\t<h4 class=\"subtitle\">Our Service<\/h4>\r\n\t\t\t\t\r\n\t\t\t\t\t\t\t\t\t<h1 class=\"title\">Widespread Renewable In <br>Energy Solutions<\/h1>\r\n\t\t\t\t\r\n\t\t\t\t\t\t\t<\/div>\r\n\r\n\t\t\r\n\t\t\t\t\t\t<\/div>\n\t\t\t\t<\/div>\n\t\t\t\t\t<\/div>\n\t\t<\/div>\n\t\t\t\t\t<\/div>\n\t\t<\/section>\n\t\t\t\t<section class=\"elementor-section elementor-inner-section elementor-element elementor-element-05ef018 elementor-section-boxed elementor-section-height-default elementor-section-height-default\" data-id=\"05ef018\" data-element_type=\"section\" data-e-type=\"section\">\n\t\t\t\t\t\t<div class=\"elementor-container elementor-column-gap-default\">\n\t\t\t\t\t<div class=\"elementor-column elementor-col-33 elementor-inner-column elementor-element elementor-element-f9890ce\" data-id=\"f9890ce\" data-element_type=\"column\" data-e-type=\"column\">\n\t\t\t<div class=\"elementor-widget-wrap elementor-element-populated\">\n\t\t\t\t\t\t<div class=\"elementor-element elementor-element-a5020cb elementor-widget elementor-widget-service\" data-id=\"a5020cb\" data-element_type=\"widget\" data-e-type=\"widget\" data-widget_type=\"service.default\">\n\t\t\t\t<div class=\"elementor-widget-container\">\n\t\t\t\t\t\r\n\t\t\r\n\t\t\t<div class=\"service-box style8\">\r\n\t\t\t\t<div class=\"image\">\r\n\t\t\t\t\t<img decoding=\"async\" src=\"https:\/\/urnothemes.com\/solum\/wp-content\/uploads\/2023\/04\/service2-1.jpg\" alt=\"\">\r\n\t\t\t\t\t<div class=\"icon\">\r\n\t\t\t\t\t\t\t\t\t\t\t<\/div>\r\n\t\t\t\t\t<div class=\"text\">\r\n\t\t\t\t\t\t<div class=\"title\">\r\n\t\t\t\t\t\t\t<h3>Solar Panel Installation<\/h3>\r\n\t\t\t\t\t\t<\/div>\r\n\t\t\t\t\t\t<div class=\"description\">\r\n\t\t\t\t\t\t\t<p>Our team of experienced technicians \nwill install high quality solar panels on\nyour property contust .<\/p>\r\n\t\t\t\t\t\t<\/div>\r\n\t\t\t\t\t\t\t\t\t\t\t\t\t<div class=\"service-btn\">\r\n\t\t\t\t\t\t\t\t<a href=\"\">\r\n\t\t\t\t\t\t\t\t\tView More\t\t\t\t\t\t\t\t\t<i ><\/i>\r\n\t\t\t\t\t\t\t\t<\/a>\r\n\t\t\t\t\t\t\t<\/div>\r\n\t\t\t\t\t\t\t\t\t\t\t<\/div>\t\r\n\t\t\t\t<\/div>\r\n\r\n\t\t\t<\/div>\r\n\r\n\t\t\t\t\t\t<\/div>\n\t\t\t\t<\/div>\n\t\t\t\t\t<\/div>\n\t\t<\/div>\n\t\t\t\t<div class=\"elementor-column elementor-col-33 elementor-inner-column elementor-element elementor-element-72a3c85\" data-id=\"72a3c85\" data-element_type=\"column\" data-e-type=\"column\">\n\t\t\t<div class=\"elementor-widget-wrap elementor-element-populated\">\n\t\t\t\t\t\t<div class=\"elementor-element elementor-element-4291472 elementor-widget elementor-widget-service\" data-id=\"4291472\" data-element_type=\"widget\" data-e-type=\"widget\" data-widget_type=\"service.default\">\n\t\t\t\t<div class=\"elementor-widget-container\">\n\t\t\t\t\t\r\n\t\t\r\n\t\t\t<div class=\"service-box style8\">\r\n\t\t\t\t<div class=\"image\">\r\n\t\t\t\t\t<img decoding=\"async\" src=\"https:\/\/urnothemes.com\/solum\/wp-content\/uploads\/2023\/04\/service1-1.jpg\" alt=\"\">\r\n\t\t\t\t\t<div class=\"icon\">\r\n\t\t\t\t\t\t\t\t\t\t\t<\/div>\r\n\t\t\t\t\t<div class=\"text\">\r\n\t\t\t\t\t\t<div class=\"title\">\r\n\t\t\t\t\t\t\t<h3>Advanced Technology<\/h3>\r\n\t\t\t\t\t\t<\/div>\r\n\t\t\t\t\t\t<div class=\"description\">\r\n\t\t\t\t\t\t\t<p>Our team of experienced technicians \nwill install high quality solar panels on\nyour property contust .<\/p>\r\n\t\t\t\t\t\t<\/div>\r\n\t\t\t\t\t\t\t\t\t\t\t\t\t<div class=\"service-btn\">\r\n\t\t\t\t\t\t\t\t<a href=\"\">\r\n\t\t\t\t\t\t\t\t\tView More\t\t\t\t\t\t\t\t\t<i ><\/i>\r\n\t\t\t\t\t\t\t\t<\/a>\r\n\t\t\t\t\t\t\t<\/div>\r\n\t\t\t\t\t\t\t\t\t\t\t<\/div>\t\r\n\t\t\t\t<\/div>\r\n\r\n\t\t\t<\/div>\r\n\r\n\t\t\t\t\t\t<\/div>\n\t\t\t\t<\/div>\n\t\t\t\t\t<\/div>\n\t\t<\/div>\n\t\t\t\t<div class=\"elementor-column elementor-col-33 elementor-inner-column elementor-element elementor-element-3228ee0\" data-id=\"3228ee0\" data-element_type=\"column\" data-e-type=\"column\">\n\t\t\t<div class=\"elementor-widget-wrap elementor-element-populated\">\n\t\t\t\t\t\t<div class=\"elementor-element elementor-element-54b3824 elementor-widget elementor-widget-service\" data-id=\"54b3824\" data-element_type=\"widget\" data-e-type=\"widget\" data-widget_type=\"service.default\">\n\t\t\t\t<div class=\"elementor-widget-container\">\n\t\t\t\t\t\r\n\t\t\r\n\t\t\t<div class=\"service-box style8\">\r\n\t\t\t\t<div class=\"image\">\r\n\t\t\t\t\t<img decoding=\"async\" src=\"https:\/\/urnothemes.com\/solum\/wp-content\/uploads\/2023\/04\/service3-1.jpg\" alt=\"\">\r\n\t\t\t\t\t<div class=\"icon\">\r\n\t\t\t\t\t\t\t\t\t\t\t<\/div>\r\n\t\t\t\t\t<div class=\"text\">\r\n\t\t\t\t\t\t<div class=\"title\">\r\n\t\t\t\t\t\t\t<h3>Customizable Solutions<\/h3>\r\n\t\t\t\t\t\t<\/div>\r\n\t\t\t\t\t\t<div class=\"description\">\r\n\t\t\t\t\t\t\t<p>Our team of experienced technicians \nwill install high quality solar panels on\nyour property contust .<\/p>\r\n\t\t\t\t\t\t<\/div>\r\n\t\t\t\t\t\t\t\t\t\t\t\t\t<div class=\"service-btn\">\r\n\t\t\t\t\t\t\t\t<a href=\"\">\r\n\t\t\t\t\t\t\t\t\tView More\t\t\t\t\t\t\t\t\t<i ><\/i>\r\n\t\t\t\t\t\t\t\t<\/a>\r\n\t\t\t\t\t\t\t<\/div>\r\n\t\t\t\t\t\t\t\t\t\t\t<\/div>\t\r\n\t\t\t\t<\/div>\r\n\r\n\t\t\t<\/div>\r\n\r\n\t\t\t\t\t\t<\/div>\n\t\t\t\t<\/div>\n\t\t\t\t\t<\/div>\n\t\t<\/div>\n\t\t\t\t\t<\/div>\n\t\t<\/section>\n\t\t\t\t\t<\/div>\n\t\t<\/div>\n\t\t\t\t\t<\/div>\n\t\t<\/section>\n\t\t\t\t<section class=\"elementor-section elementor-top-section elementor-element elementor-element-b0bf3da elementor-hidden-desktop elementor-hidden-tablet elementor-hidden-mobile elementor-section-boxed elementor-section-height-default elementor-section-height-default\" data-id=\"b0bf3da\" data-element_type=\"section\" data-e-type=\"section\" data-settings=\"{&quot;background_background&quot;:&quot;classic&quot;}\">\n\t\t\t\t\t\t<div class=\"elementor-container elementor-column-gap-default\">\n\t\t\t\t\t<div class=\"elementor-column elementor-col-100 elementor-top-column elementor-element elementor-element-a98ec49\" data-id=\"a98ec49\" data-element_type=\"column\" data-e-type=\"column\">\n\t\t\t<div class=\"elementor-widget-wrap elementor-element-populated\">\n\t\t\t\t\t\t<section class=\"elementor-section elementor-inner-section elementor-element elementor-element-9cd329f elementor-section-content-middle elementor-section-boxed elementor-section-height-default elementor-section-height-default\" data-id=\"9cd329f\" data-element_type=\"section\" data-e-type=\"section\">\n\t\t\t\t\t\t<div class=\"elementor-container elementor-column-gap-default\">\n\t\t\t\t\t<div class=\"elementor-column elementor-col-50 elementor-inner-column elementor-element elementor-element-0dd7a5c\" data-id=\"0dd7a5c\" data-element_type=\"column\" data-e-type=\"column\">\n\t\t\t<div class=\"elementor-widget-wrap elementor-element-populated\">\n\t\t\t\t\t\t<div class=\"elementor-element elementor-element-284b66f elementor-widget elementor-widget-sectiontitle\" data-id=\"284b66f\" data-element_type=\"widget\" data-e-type=\"widget\" data-widget_type=\"sectiontitle.default\">\n\t\t\t\t<div class=\"elementor-widget-container\">\n\t\t\t\t\t\r\n\t\t\r\n\t\t\t<div class=\"section-title style1 left\">\r\n\t\t\t\t\t\t\t\t\t<h4 class=\"subtitle\">Provide Service<\/h4>\r\n\t\t\t\t\r\n\t\t\t\t\t\t\t\t\t<h1 class=\"title\">Wind turbines are supposed  <br>to be installed<\/h1>\r\n\t\t\t\t\r\n\t\t\t\t\t\t\t<\/div>\r\n\r\n\t\t\r\n\t\t\t\t\t\t<\/div>\n\t\t\t\t<\/div>\n\t\t\t\t\t<\/div>\n\t\t<\/div>\n\t\t\t\t<div class=\"elementor-column elementor-col-50 elementor-inner-column elementor-element elementor-element-ed37961\" data-id=\"ed37961\" data-element_type=\"column\" data-e-type=\"column\">\n\t\t\t<div class=\"elementor-widget-wrap elementor-element-populated\">\n\t\t\t\t\t\t<div class=\"elementor-element elementor-element-f6295d0 elementor-widget elementor-widget-text-editor\" data-id=\"f6295d0\" data-element_type=\"widget\" data-e-type=\"widget\" data-widget_type=\"text-editor.default\">\n\t\t\t\t<div class=\"elementor-widget-container\">\n\t\t\t\t\t\t\t\t\t<p>Lorem ipsum dolor sit amet, consectetur adipiscing elit<br \/>sed do eiusmod tempor incididunt ut labore et dolorea<br \/>gna aliqua enim ad minim .<\/p>\t\t\t\t\t\t\t\t<\/div>\n\t\t\t\t<\/div>\n\t\t\t\t\t<\/div>\n\t\t<\/div>\n\t\t\t\t\t<\/div>\n\t\t<\/section>\n\t\t\t\t<section class=\"elementor-section elementor-inner-section elementor-element elementor-element-27122c6 elementor-section-boxed elementor-section-height-default elementor-section-height-default\" data-id=\"27122c6\" data-element_type=\"section\" data-e-type=\"section\">\n\t\t\t\t\t\t<div class=\"elementor-container elementor-column-gap-default\">\n\t\t\t\t\t<div class=\"elementor-column elementor-col-25 elementor-inner-column elementor-element elementor-element-a852a66\" data-id=\"a852a66\" data-element_type=\"column\" data-e-type=\"column\">\n\t\t\t<div class=\"elementor-widget-wrap elementor-element-populated\">\n\t\t\t\t\t\t<div class=\"elementor-element elementor-element-93008ee elementor-widget elementor-widget-service\" data-id=\"93008ee\" data-element_type=\"widget\" data-e-type=\"widget\" data-widget_type=\"service.default\">\n\t\t\t\t<div class=\"elementor-widget-container\">\n\t\t\t\t\t\r\n\t\t\r\n\t\t\t<div class=\"service-box style4\">\r\n\t\t\t\t<div class=\"content\">\r\n\t\t\t\t\t<div class=\"icon\">\r\n\t\t\t\t\t\t\t\t\t\t\t<\/div>\r\n\t\t\t\t\t<!-- Icon \/ Img -->\r\n\t\t\t\t<div class=\"service__box--icon\">\r\n\t\t\t\t\t\t\t\t\t\t\t<div class=\"service-box-img\">\r\n\t\t\t\t\t\t\t<img decoding=\"async\" src=\"https:\/\/urnothemes.com\/solum\/wp-content\/uploads\/2023\/04\/Home_11-10.png\" alt=\"\" \/>\r\n\t\t\t\t\t\t<\/div>\r\n\t\t\t\t\t\t\t\t\t<\/div>\r\n\t\t\t\t\t<div class=\"text\">\r\n\t\t\t\t\t\t<div class=\"title\">\r\n\t\t\t\t\t\t\t<h3>Online Shoping<\/h3>\r\n\t\t\t\t\t\t<\/div>\r\n\t\t\t\t\t\t<div class=\"description\">\r\n\t\t\t\t\t\t\t<p>Rgere are many variations of passag\nes of lorem Ipsum available but ther\nmajority suffered .<\/p>\r\n\t\t\t\t\t\t<\/div>\r\n\t\t\t\t\t\t\t\t\t\t\t\t<div class=\"service-btn\">\r\n\t\t\t\t\t\t\t<a href=\"\">Read More <\/a>\r\n\t\t\t\t\t\t<\/div>\r\n\t\t\t\t\t\t\t\t\t\t\t<\/div>\r\n\t\t\t\t<\/div>\r\n\t\t\t<\/div>\r\n\r\n\t\t\t\t\t\t<\/div>\n\t\t\t\t<\/div>\n\t\t\t\t\t<\/div>\n\t\t<\/div>\n\t\t\t\t<div class=\"elementor-column elementor-col-25 elementor-inner-column elementor-element elementor-element-d2ad6e5\" data-id=\"d2ad6e5\" data-element_type=\"column\" data-e-type=\"column\">\n\t\t\t<div class=\"elementor-widget-wrap elementor-element-populated\">\n\t\t\t\t\t\t<div class=\"elementor-element elementor-element-d1176db elementor-widget elementor-widget-service\" data-id=\"d1176db\" data-element_type=\"widget\" data-e-type=\"widget\" data-widget_type=\"service.default\">\n\t\t\t\t<div class=\"elementor-widget-container\">\n\t\t\t\t\t\r\n\t\t\r\n\t\t\t<div class=\"service-box style4\">\r\n\t\t\t\t<div class=\"content\">\r\n\t\t\t\t\t<div class=\"icon\">\r\n\t\t\t\t\t\t\t\t\t\t\t<\/div>\r\n\t\t\t\t\t<!-- Icon \/ Img -->\r\n\t\t\t\t<div class=\"service__box--icon\">\r\n\t\t\t\t\t\t\t\t\t\t\t<div class=\"service-box-img\">\r\n\t\t\t\t\t\t\t<img decoding=\"async\" src=\"https:\/\/urnothemes.com\/solum\/wp-content\/uploads\/2023\/04\/Home_11-11.png\" alt=\"\" \/>\r\n\t\t\t\t\t\t<\/div>\r\n\t\t\t\t\t\t\t\t\t<\/div>\r\n\t\t\t\t\t<div class=\"text\">\r\n\t\t\t\t\t\t<div class=\"title\">\r\n\t\t\t\t\t\t\t<h3>Secure purchase<\/h3>\r\n\t\t\t\t\t\t<\/div>\r\n\t\t\t\t\t\t<div class=\"description\">\r\n\t\t\t\t\t\t\t<p>Rgere are many variations of passag\nes of lorem Ipsum available but ther\nmajority suffered .<\/p>\r\n\t\t\t\t\t\t<\/div>\r\n\t\t\t\t\t\t\t\t\t\t\t\t<div class=\"service-btn\">\r\n\t\t\t\t\t\t\t<a href=\"\">Read More <\/a>\r\n\t\t\t\t\t\t<\/div>\r\n\t\t\t\t\t\t\t\t\t\t\t<\/div>\r\n\t\t\t\t<\/div>\r\n\t\t\t<\/div>\r\n\r\n\t\t\t\t\t\t<\/div>\n\t\t\t\t<\/div>\n\t\t\t\t\t<\/div>\n\t\t<\/div>\n\t\t\t\t<div class=\"elementor-column elementor-col-25 elementor-inner-column elementor-element elementor-element-51f4311\" data-id=\"51f4311\" data-element_type=\"column\" data-e-type=\"column\">\n\t\t\t<div class=\"elementor-widget-wrap elementor-element-populated\">\n\t\t\t\t\t\t<div class=\"elementor-element elementor-element-39f6ab9 elementor-widget elementor-widget-service\" data-id=\"39f6ab9\" data-element_type=\"widget\" data-e-type=\"widget\" data-widget_type=\"service.default\">\n\t\t\t\t<div class=\"elementor-widget-container\">\n\t\t\t\t\t\r\n\t\t\r\n\t\t\t<div class=\"service-box style4\">\r\n\t\t\t\t<div class=\"content\">\r\n\t\t\t\t\t<div class=\"icon\">\r\n\t\t\t\t\t\t\t\t\t\t\t<\/div>\r\n\t\t\t\t\t<!-- Icon \/ Img -->\r\n\t\t\t\t<div class=\"service__box--icon\">\r\n\t\t\t\t\t\t\t\t\t\t\t<div class=\"service-box-img\">\r\n\t\t\t\t\t\t\t<img decoding=\"async\" src=\"https:\/\/urnothemes.com\/solum\/wp-content\/uploads\/2023\/05\/Service-2.png\" alt=\"\" \/>\r\n\t\t\t\t\t\t<\/div>\r\n\t\t\t\t\t\t\t\t\t<\/div>\r\n\t\t\t\t\t<div class=\"text\">\r\n\t\t\t\t\t\t<div class=\"title\">\r\n\t\t\t\t\t\t\t<h3>Green Technology<\/h3>\r\n\t\t\t\t\t\t<\/div>\r\n\t\t\t\t\t\t<div class=\"description\">\r\n\t\t\t\t\t\t\t<p>Rgere are many variations of passag\nes of lorem Ipsum available but ther\nmajority suffered .<\/p>\r\n\t\t\t\t\t\t<\/div>\r\n\t\t\t\t\t\t\t\t\t\t\t\t<div class=\"service-btn\">\r\n\t\t\t\t\t\t\t<a href=\"\">Read More <\/a>\r\n\t\t\t\t\t\t<\/div>\r\n\t\t\t\t\t\t\t\t\t\t\t<\/div>\r\n\t\t\t\t<\/div>\r\n\t\t\t<\/div>\r\n\r\n\t\t\t\t\t\t<\/div>\n\t\t\t\t<\/div>\n\t\t\t\t\t<\/div>\n\t\t<\/div>\n\t\t\t\t<div class=\"elementor-column elementor-col-25 elementor-inner-column elementor-element elementor-element-38fd8b6\" data-id=\"38fd8b6\" data-element_type=\"column\" data-e-type=\"column\">\n\t\t\t<div class=\"elementor-widget-wrap elementor-element-populated\">\n\t\t\t\t\t\t<div class=\"elementor-element elementor-element-c072c23 elementor-widget elementor-widget-service\" data-id=\"c072c23\" data-element_type=\"widget\" data-e-type=\"widget\" data-widget_type=\"service.default\">\n\t\t\t\t<div class=\"elementor-widget-container\">\n\t\t\t\t\t\r\n\t\t\r\n\t\t\t<div class=\"service-box style4\">\r\n\t\t\t\t<div class=\"content\">\r\n\t\t\t\t\t<div class=\"icon\">\r\n\t\t\t\t\t\t\t\t\t\t\t<\/div>\r\n\t\t\t\t\t<!-- Icon \/ Img -->\r\n\t\t\t\t<div class=\"service__box--icon\">\r\n\t\t\t\t\t\t\t\t\t\t\t<div class=\"service-box-img\">\r\n\t\t\t\t\t\t\t<img decoding=\"async\" src=\"https:\/\/urnothemes.com\/solum\/wp-content\/uploads\/2023\/05\/New-Project.png\" alt=\"\" \/>\r\n\t\t\t\t\t\t<\/div>\r\n\t\t\t\t\t\t\t\t\t<\/div>\r\n\t\t\t\t\t<div class=\"text\">\r\n\t\t\t\t\t\t<div class=\"title\">\r\n\t\t\t\t\t\t\t<h3>Save Energy<\/h3>\r\n\t\t\t\t\t\t<\/div>\r\n\t\t\t\t\t\t<div class=\"description\">\r\n\t\t\t\t\t\t\t<p>Rgere are many variations of passag\nes of lorem Ipsum available but ther\nmajority suffered .<\/p>\r\n\t\t\t\t\t\t<\/div>\r\n\t\t\t\t\t\t\t\t\t\t\t\t<div class=\"service-btn\">\r\n\t\t\t\t\t\t\t<a href=\"\">Read More <\/a>\r\n\t\t\t\t\t\t<\/div>\r\n\t\t\t\t\t\t\t\t\t\t\t<\/div>\r\n\t\t\t\t<\/div>\r\n\t\t\t<\/div>\r\n\r\n\t\t\t\t\t\t<\/div>\n\t\t\t\t<\/div>\n\t\t\t\t\t<\/div>\n\t\t<\/div>\n\t\t\t\t\t<\/div>\n\t\t<\/section>\n\t\t\t\t\t<\/div>\n\t\t<\/div>\n\t\t\t\t\t<\/div>\n\t\t<\/section>\n\t\t\t\t<section class=\"elementor-section elementor-top-section elementor-element elementor-element-b49f5dd elementor-section-boxed elementor-section-height-default elementor-section-height-default\" data-id=\"b49f5dd\" data-element_type=\"section\" data-e-type=\"section\" data-settings=\"{&quot;background_background&quot;:&quot;classic&quot;}\">\n\t\t\t\t\t\t<div class=\"elementor-container elementor-column-gap-default\">\n\t\t\t\t\t<div class=\"elementor-column elementor-col-100 elementor-top-column elementor-element elementor-element-44e8df47\" data-id=\"44e8df47\" data-element_type=\"column\" data-e-type=\"column\">\n\t\t\t<div class=\"elementor-widget-wrap elementor-element-populated\">\n\t\t\t\t\t\t<section class=\"elementor-section elementor-inner-section elementor-element elementor-element-6dce77c9 elementor-section-boxed elementor-section-height-default elementor-section-height-default\" data-id=\"6dce77c9\" data-element_type=\"section\" data-e-type=\"section\">\n\t\t\t\t\t\t<div class=\"elementor-container elementor-column-gap-default\">\n\t\t\t\t\t<div class=\"elementor-column elementor-col-100 elementor-inner-column elementor-element elementor-element-27084278\" data-id=\"27084278\" data-element_type=\"column\" data-e-type=\"column\">\n\t\t\t<div class=\"elementor-widget-wrap elementor-element-populated\">\n\t\t\t\t\t\t<div class=\"elementor-element elementor-element-1c4aa7ed elementor-widget elementor-widget-sectiontitle\" data-id=\"1c4aa7ed\" data-element_type=\"widget\" data-e-type=\"widget\" data-widget_type=\"sectiontitle.default\">\n\t\t\t\t<div class=\"elementor-widget-container\">\n\t\t\t\t\t\r\n\t\t\r\n\t\t\t<div class=\"section-title style1 center\">\r\n\t\t\t\t\t\t\t\t\t<h4 class=\"subtitle\">Nos prestations<\/h4>\r\n\t\t\t\t\r\n\t\t\t\t\t\t\t\t\t<h1 class=\"title\">\u00c9nergie renouvelable largement r\u00e9pandue dans les solutions \u00e9nerg\u00e9tiques<\/h1>\r\n\t\t\t\t\r\n\t\t\t\t\t\t\t<\/div>\r\n\r\n\t\t\r\n\t\t\t\t\t\t<\/div>\n\t\t\t\t<\/div>\n\t\t\t\t\t<\/div>\n\t\t<\/div>\n\t\t\t\t\t<\/div>\n\t\t<\/section>\n\t\t\t\t\t<\/div>\n\t\t<\/div>\n\t\t\t\t\t<\/div>\n\t\t<\/section>\n\t\t\t\t<section class=\"elementor-section elementor-inner-section elementor-element elementor-element-4a01d8d0 elementor-section-boxed elementor-section-height-default elementor-section-height-default\" data-id=\"4a01d8d0\" data-element_type=\"section\" data-e-type=\"section\">\n\t\t\t\t\t\t<div class=\"elementor-container elementor-column-gap-default\">\n\t\t\t\t\t<div class=\"elementor-column elementor-col-50 elementor-inner-column elementor-element elementor-element-7c6d123f\" data-id=\"7c6d123f\" data-element_type=\"column\" data-e-type=\"column\">\n\t\t\t<div class=\"elementor-widget-wrap elementor-element-populated\">\n\t\t\t\t\t\t<div class=\"elementor-element elementor-element-40458e31 elementor-widget elementor-widget-service\" data-id=\"40458e31\" data-element_type=\"widget\" data-e-type=\"widget\" data-widget_type=\"service.default\">\n\t\t\t\t<div class=\"elementor-widget-container\">\n\t\t\t\t\t\r\n\t\t\r\n\t\t\t<div class=\"service-box style8\">\r\n\t\t\t\t<div class=\"image\">\r\n\t\t\t\t\t<img decoding=\"async\" src=\"https:\/\/urnothemes.com\/solum\/wp-content\/uploads\/2023\/04\/service2-1.jpg\" alt=\"\">\r\n\t\t\t\t\t<div class=\"icon\">\r\n\t\t\t\t\t\t\t\t\t\t\t<\/div>\r\n\t\t\t\t\t<div class=\"text\">\r\n\t\t\t\t\t\t<div class=\"title\">\r\n\t\t\t\t\t\t\t<h3>Installation de panneaux solaires<\/h3>\r\n\t\t\t\t\t\t<\/div>\r\n\t\t\t\t\t\t<div class=\"description\">\r\n\t\t\t\t\t\t\t<p>Notre \u00e9quipe de techniciens exp\u00e9riment\u00e9s \ninstallera des panneaux solaires de haute qualit\u00e9 sur\nvotre propri\u00e9t\u00e9 en comparaison.<\/p>\r\n\t\t\t\t\t\t<\/div>\r\n\t\t\t\t\t\t\t\t\t\t\t\t\t<div class=\"service-btn\">\r\n\t\t\t\t\t\t\t\t<a href=\"https:\/\/turenergys.com\/?page_id=2012\">\r\n\t\t\t\t\t\t\t\t\tVoir plus\t\t\t\t\t\t\t\t\t<i ><\/i>\r\n\t\t\t\t\t\t\t\t<\/a>\r\n\t\t\t\t\t\t\t<\/div>\r\n\t\t\t\t\t\t\t\t\t\t\t<\/div>\t\r\n\t\t\t\t<\/div>\r\n\r\n\t\t\t<\/div>\r\n\r\n\t\t\t\t\t\t<\/div>\n\t\t\t\t<\/div>\n\t\t\t\t\t<\/div>\n\t\t<\/div>\n\t\t\t\t<div class=\"elementor-column elementor-col-50 elementor-inner-column elementor-element elementor-element-2e066641\" data-id=\"2e066641\" data-element_type=\"column\" data-e-type=\"column\">\n\t\t\t<div class=\"elementor-widget-wrap elementor-element-populated\">\n\t\t\t\t\t\t<div class=\"elementor-element elementor-element-74015a11 elementor-widget__width-initial elementor-widget elementor-widget-service\" data-id=\"74015a11\" data-element_type=\"widget\" data-e-type=\"widget\" data-widget_type=\"service.default\">\n\t\t\t\t<div class=\"elementor-widget-container\">\n\t\t\t\t\t\r\n\t\t\r\n\t\t\t<div class=\"service-box style8\">\r\n\t\t\t\t<div class=\"image\">\r\n\t\t\t\t\t<img decoding=\"async\" src=\"http:\/\/turenergys.com\/wp-content\/uploads\/2025\/02\/futuristic-time-machine-scaled.jpg\" alt=\"\">\r\n\t\t\t\t\t<div class=\"icon\">\r\n\t\t\t\t\t\t\t\t\t\t\t<\/div>\r\n\t\t\t\t\t<div class=\"text\">\r\n\t\t\t\t\t\t<div class=\"title\">\r\n\t\t\t\t\t\t\t<h3>G\u00e9n\u00e9rateurs<\/h3>\r\n\t\t\t\t\t\t<\/div>\r\n\t\t\t\t\t\t<div class=\"description\">\r\n\t\t\t\t\t\t\t<p>Notre \u00e9quipe de techniciens exp\u00e9riment\u00e9s \ninstallera des panneaux solaires de haute qualit\u00e9 sur\nvotre propri\u00e9t\u00e9 en comparaison.<\/p>\r\n\t\t\t\t\t\t<\/div>\r\n\t\t\t\t\t\t\t\t\t\t\t\t\t<div class=\"service-btn\">\r\n\t\t\t\t\t\t\t\t<a href=\"https:\/\/turenergys.com\/?page_id=1996\">\r\n\t\t\t\t\t\t\t\t\tVoir plus\t\t\t\t\t\t\t\t\t<i ><\/i>\r\n\t\t\t\t\t\t\t\t<\/a>\r\n\t\t\t\t\t\t\t<\/div>\r\n\t\t\t\t\t\t\t\t\t\t\t<\/div>\t\r\n\t\t\t\t<\/div>\r\n\r\n\t\t\t<\/div>\r\n\r\n\t\t\t\t\t\t<\/div>\n\t\t\t\t<\/div>\n\t\t\t\t\t<\/div>\n\t\t<\/div>\n\t\t\t\t\t<\/div>\n\t\t<\/section>\n\t\t\t\t<\/div>\n\t\t","protected":false},"excerpt":{"rendered":"<p>Our Service Widespread Renewable In Energy Solutions Solar Panel Installation Our team of experienced technicians will install high quality solar panels on your property contust . View More Advanced Technology Our team of experienced technicians will install high quality solar panels on your property contust . View More Customizable Solutions Our team of experienced technicians [&hellip;]<\/p>\n","protected":false},"author":1,"featured_media":0,"parent":0,"menu_order":0,"comment_status":"closed","ping_status":"closed","template":"","meta":{"footnotes":""},"class_list":["post-1516","page","type-page","status-publish","hentry"],"_links":{"self":[{"href":"https:\/\/turenergys.com\/index.php?rest_route=\/wp\/v2\/pages\/1516","targetHints":{"allow":["GET"]}}],"collection":[{"href":"https:\/\/turenergys.com\/index.php?rest_route=\/wp\/v2\/pages"}],"about":[{"href":"https:\/\/turenergys.com\/index.php?rest_route=\/wp\/v2\/types\/page"}],"author":[{"embeddable":true,"href":"https:\/\/turenergys.com\/index.php?rest_route=\/wp\/v2\/users\/1"}],"replies":[{"embeddable":true,"href":"https:\/\/turenergys.com\/index.php?rest_route=%2Fwp%2Fv2%2Fcomments&post=1516"}],"version-history":[{"count":0,"href":"https:\/\/turenergys.com\/index.php?rest_route=\/wp\/v2\/pages\/1516\/revisions"}],"wp:attachment":[{"href":"https:\/\/turenergys.com\/index.php?rest_route=%2Fwp%2Fv2%2Fmedia&parent=1516"}],"curies":[{"name":"wp","href":"https:\/\/api.w.org\/{rel}","templated":true}]}}